{"id":60,"date":"2015-01-09T07:58:04","date_gmt":"2015-01-09T07:58:04","guid":{"rendered":"http:\/\/sv-lengede.de\/maenner\/?page_id=60"},"modified":"2020-02-13T13:04:35","modified_gmt":"2020-02-13T13:04:35","slug":"danke","status":"publish","type":"page","link":"http:\/\/maennerfastnacht-lengede.de\/?page_id=60","title":{"rendered":"Danke!"},"content":{"rendered":"<p>Der Elferrat bedankt sich bei den unten genannten Firmen f\u00fcr die Werbeanzeige im Flyer zur M\u00e4nnerfastnacht am 22. Februar 2020.<\/p>\n<p>Aral-Tankstelle Wiesberger<br \/>\nBestattungsinstitut Melanie Salge<br \/>\nBierverlag Sagasser GmbH, Gr. Lafferde<br \/>\nBlitz Schneiderei<br \/>\nBlumengesch\u00e4ft L\u00fcddecke<br \/>\nBollmann Brennstoffe GmbH<br \/>\nBrandt\u00b4s Wohnwelt<br \/>\nCar Elektrik Hentig<br \/>\nDachdeckerei &amp; Zimmerei Meier<br \/>\nDebra Werbung GmbH, Herr Bratz<br \/>\nDornr\u00f6schen Blumenladen<br \/>\nErdgas-Wasser-Heizung O. Kucklick<br \/>\nEu-Rotec SECO GmbH<br \/>\nEverling Haustechnik, T. Everling<br \/>\nFleischerei Paul<br \/>\nFliesen-Naursteinverlegung, A. Kn\u00f6fler<br \/>\nGetr\u00e4nkehandel Brunke, A. M\u00fccke<br \/>\nGiesecke Naturstein<br \/>\nGl\u00fcckauf-Apotheke Lengede<br \/>\nGrobe KfZ<br \/>\nG\u00fcternahverkehr u. Baggerbetrieb K. Wenzel<br \/>\nHappy PET<br \/>\nH. Ludewig GmbH<br \/>\nHeuer BTT GmbH<br \/>\nAral-Tankstelle Wiesberger<br \/>\nBestattungsinstitut Melanie Salge<br \/>\nBierverlag Sagasser GmbH, Gr. Lafferde<br \/>\nBlitz Schneiderei<br \/>\nBlumengesch\u00e4ft L\u00fcddecke<br \/>\nBollmann Brennstoffe GmbH<br \/>\nBrandt\u00b4s Wohnwelt<br \/>\nCar Elektrik Hentig<br \/>\nDachdeckerei &amp; Zimmerei Meier<br \/>\nDebra Werbung GmbH, Herr Bratz<br \/>\nDornr\u00f6schen Blumenladen<br \/>\nErdgas-Wasser-Heizung O. Kucklick<br \/>\nEu-Rotec SECO GmbH<br \/>\nEverling Haustechnik, T. Everling<br \/>\nFleischerei Paul<br \/>\nFliesen-Naursteinverlegung, A. Kn\u00f6fler<br \/>\nGetr\u00e4nkehandel Brunke, A. M\u00fccke<br \/>\nGiesecke Naturstein<br \/>\nGl\u00fcckauf-Apotheke Lengede<br \/>\nGrobe KfZ<br \/>\nG\u00fcternahverkehr u. Baggerbetrieb K. Wenzel<br \/>\nHappy PET<br \/>\nH. Ludewig GmbH<br \/>\nHeuer BTT GmbH<br \/>\nHoffmann Apperatebau<br \/>\nHSI Immobilien, Frau Scharf<br \/>\nIngenieurb\u00fcro R\u00e4ke GmbH<br \/>\nKfz-Meisterbetrieb Jan Oppermann<br \/>\nLVG Lengeder Verwaltungsg. mbH<br \/>\nMAG GmbH, N. East<br \/>\nMetallbau u. Schmiede, T. Rudolf<br \/>\nMetallbau Segler<br \/>\nMontag Gummierungstechnik GmbH<br \/>\nOptik Lauritzen<br \/>\nParty Service Wilke, Frau Bonte<br \/>\nPhysiotherapie Anke Friedrich<br \/>\nPhysiotherapie Krankengymn. G. Scholz<br \/>\nPost Apotheke Lengede<br \/>\nPraxis f\u00fcr Physio- und Ergotherapie Lutz Dinkler<br \/>\nRDK Industrieservice, R. D. Keil<br \/>\nReiseb\u00fcro Behrens, S. Eickmann<br \/>\nREWE Lengede, Hr. Kaysal<br \/>\nSalon Hildegard, Fr. Cannarozzo<br \/>\nSchlachtermeister Siedentopf, S\u00f6hlde<br \/>\nSparkasse Lengede<br \/>\nSteuerb\u00fcro Harms<br \/>\nSTOEPLAN Bauplanung, H. St\u00f6\u00dfel<br \/>\nTischlerTeam Neumann<br \/>\nUte\u00b4s L\u00e4dchen, U. Vanselow<br \/>\nVGH Versicherungen, Herr Sonntag<br \/>\nVolksbank Peine eG Lengede<br \/>\nZahnarztpraxis Boldt<br \/>\nZahnarztpraxis Pape\/Thurau<br \/>\nZahnarztpraxis Witzke<br \/>\nZauers Metallbau GmbH<br \/>\nZebra Werbemittel<br \/>\nZimmerei Bernd Begau<\/p>\n<hr \/>\n<p><span style=\"color: #999999;\">Die Lengeder M\u00e4nnerfastnacht bedankt sich bei diesen Firmen f\u00fcr die Werbeanzeige im Flyer zum 25. Februar 2017<\/span><\/p>\n<p><span style=\"color: #999999;\">Aral Tankstelle Wiesberger<\/span><br \/>\n<span style=\"color: #999999;\">Autohaus Lengede,\u00a0 N.&amp;K. Akyurt<\/span><br \/>\n<span style=\"color: #999999;\">Begau GmbH, Zimmerei<\/span><br \/>\n<span style=\"color: #999999;\">Bestattungsinstitut Melanie Salge<\/span><br \/>\n<span style=\"color: #999999;\">Bierverlag Sagasser GmbH, Gr. Lafferde<\/span><br \/>\n<span style=\"color: #999999;\">Blumengesch\u00e4ft L\u00fcddecke<\/span><br \/>\n<span style=\"color: #999999;\">Bollmanns Brennstoffe<\/span><br \/>\n<span style=\"color: #999999;\">Bosporus Imbiss<\/span><br \/>\n<span style=\"color: #999999;\">Brand\u00b4s Wohnwelt<\/span><br \/>\n<span style=\"color: #999999;\">Braumanufaktur H\u00e4rke, Peine<\/span><br \/>\n<span style=\"color: #999999;\">Car\u00a0 Elektrik Hentig<\/span><br \/>\n<span style=\"color: #999999;\">Dachdeckerei &amp; Zimmerei Meier<\/span><br \/>\n<span style=\"color: #999999;\">Debra Werbung GmbH,\u00a0 Herr Bratz<\/span><br \/>\n<span style=\"color: #999999;\">Dinkler Massage &amp; B\u00e4derpraxis<\/span><br \/>\n<span style=\"color: #999999;\">Elektro Goldmann Hr. Kaya<\/span><br \/>\n<span style=\"color: #999999;\">Erdgas-Wasser-Heizung O. Kucklick<\/span><br \/>\n<span style=\"color: #999999;\">Eu-Rotec<\/span><br \/>\n<span style=\"color: #999999;\">Everling Haustechnik\u00a0 T. Everling<\/span><br \/>\n<span style=\"color: #999999;\">Fahrschule Hoffmeister<\/span><br \/>\n<span style=\"color: #999999;\">Fernseh Schubert<\/span><br \/>\n<span style=\"color: #999999;\">Feuer &amp; W\u00e4rme, Haak<\/span><br \/>\n<span style=\"color: #999999;\">Fleischerei Paul<\/span><br \/>\n<span style=\"color: #999999;\">Fliesen-Natursteinverlegung A. Kn\u00f6fler<\/span><br \/>\n<span style=\"color: #999999;\">Getr\u00e4nkehandel Brunke, Hr. M\u00fccke<\/span><br \/>\n<span style=\"color: #999999;\">Gieseke Naturstein<\/span><br \/>\n<span style=\"color: #999999;\">Gl\u00fcck Auf Apotheke Lengede<\/span><br \/>\n<span style=\"color: #999999;\">Grobe KFZ<\/span><br \/>\n<span style=\"color: #999999;\">G\u00fcternahverk.-Baggerbtr.-Baust. Wenzel<\/span><br \/>\n<span style=\"color: #999999;\">H. Ludewig GmbH<\/span><br \/>\n<span style=\"color: #999999;\">Heizung Sanit\u00e4r Klimatechnik M. Kn\u00f6fler<\/span><br \/>\n<span style=\"color: #999999;\">Heizung-Sanit\u00e4r Logistik\u00a0 Henrike Scholz<\/span><br \/>\n<span style=\"color: #999999;\">Heuer BTT GmbH<\/span><br \/>\n<span style=\"color: #999999;\">HSI Immobilien Scharf<\/span><br \/>\n<span style=\"color: #999999;\">Ingenieurb\u00fcro R\u00e4ke GmbH\u00a0 A. R\u00e4ke<\/span><br \/>\n<span style=\"color: #999999;\">KfZ Meisterbetrieb Jan Oppermann<\/span><br \/>\n<span style=\"color: #999999;\">Logior\u00a0 S.C. e. K.\u00a0\u00a0\u00a0 C. Schadhauser<\/span><br \/>\n<span style=\"color: #999999;\">LVG Lengeder Verw.gesellschaft\u00a0 mbH<\/span><br \/>\n<span style=\"color: #999999;\">MAG GmbH\u00a0\u00a0\u00a0 N. East<\/span><br \/>\n<span style=\"color: #999999;\">Malermeister K.-F. Scheinh\u00fctte<\/span><br \/>\n<span style=\"color: #999999;\">Mein B\u00e4cker R\u00fchmann GmbH<\/span><br \/>\n<span style=\"color: #999999;\">Metallbau Segler<\/span><br \/>\n<span style=\"color: #999999;\">Montag Gummierungstechnik\u00a0 GmbH<\/span><br \/>\n<span style=\"color: #999999;\">Optik Lauritzen<\/span><br \/>\n<span style=\"color: #999999;\">Partyservice Wilke\u00a0 Fr. Bonte<\/span><br \/>\n<span style=\"color: #999999;\">Physiotherapie Krankengymn. Scholz<\/span><br \/>\n<span style=\"color: #999999;\">Physiotherapie Anke Friedrich<\/span><br \/>\n<span style=\"color: #999999;\">Post Apotheke Lengede<\/span><br \/>\n<span style=\"color: #999999;\">RDK Industrieservice R.D. Keil<\/span><br \/>\n<span style=\"color: #999999;\">Reiseb\u00fcro Behrens Fr. Eickmann<\/span><br \/>\n<span style=\"color: #999999;\">REWE Handelsgesellsch. Hr. Jonuscheit<\/span><br \/>\n<span style=\"color: #999999;\">Salon Hildegard\u00a0\u00a0\u00a0 Fr. Cannarozzo<\/span><br \/>\n<span style=\"color: #999999;\">Schlachtermeister Siedentopf\u00a0 \/ S\u00f6hlde<\/span><br \/>\n<span style=\"color: #999999;\">Steuerb\u00fcro Harms<\/span><br \/>\n<span style=\"color: #999999;\">Stoeplan Bauplanung St\u00f6\u00dfel<\/span><br \/>\n<span style=\"color: #999999;\">Tischlerei Team Neumann<\/span><br \/>\n<span style=\"color: #999999;\">Ute\u00b4s L\u00e4dchen U. Vanselow<\/span><br \/>\n<span style=\"color: #999999;\">VGH B\u00fcro Herr Sonntag<\/span><br \/>\n<span style=\"color: #999999;\">Volksbank Peine eG Lengede<\/span><br \/>\n<span style=\"color: #999999;\">Zahnarztpraxis Boldt<\/span><br \/>\n<span style=\"color: #999999;\">Zahnarztpraxis Pape\/Thurau<\/span><br \/>\n<span style=\"color: #999999;\">Zahnarztpraxis Witzke<\/span><br \/>\n<span style=\"color: #999999;\">Zauers Metallbau<\/span><br \/>\n<span style=\"color: #999999;\">Zimmerei Michael Reese<\/span><br \/>\n<span style=\"color: #999999;\">Zebra Werbemittel<\/span><\/p>\n<hr \/>\n<p><span style=\"color: #808080;\">Die Lengeder M\u00e4nnerfastnacht bedankt sich bei diesen Firmen f\u00fcr die Werbeanzeige im Flyer zum 06. Februar 2016<\/span><\/p>\n<p><span style=\"color: #808080;\">Aral Tankstelle Wiesberger<\/span><br \/>\n<span style=\"color: #808080;\"> Autohaus Lengede,\u00a0 N.&amp;K. Akyurt<\/span><br \/>\n<span style=\"color: #808080;\"> Begau GmbH, Zimmerei<\/span><br \/>\n<span style=\"color: #808080;\"> Bestattungsinstitut Melanie Salge<\/span><br \/>\n<span style=\"color: #808080;\"> Bierverlag Sagasser GmbH, Gr. Lafferde<\/span><br \/>\n<span style=\"color: #808080;\"> Bollmanns Brennstoffe<\/span><br \/>\n<span style=\"color: #808080;\"> Brand\u00b4s Wohnwelt<\/span><br \/>\n<span style=\"color: #808080;\"> Braumanufaktur H\u00e4rke, Peine<\/span><br \/>\n<span style=\"color: #808080;\"> Car\u00a0 Elektrik Hentig<\/span><br \/>\n<span style=\"color: #808080;\"> Dachdeckerei &amp; Zimmerei Meier<\/span><br \/>\n<span style=\"color: #808080;\"> Debra Werbung GmbH,\u00a0 Herr Bratz<\/span><br \/>\n<span style=\"color: #808080;\"> Dinkler Massage &amp; B\u00e4derpraxis<\/span><br \/>\n<span style=\"color: #808080;\"> Edeka Markt Rickel<\/span><br \/>\n<span style=\"color: #808080;\"> Elektro Goldmann Hr. Kaya<\/span><br \/>\n<span style=\"color: #808080;\"> Erdgas-Wasser-Heizung O. Kucklick<\/span><br \/>\n<span style=\"color: #808080;\"> Everling Haustechnik\u00a0 T. Everling<\/span><br \/>\n<span style=\"color: #808080;\"> Fahrschule Hoffmeister<\/span><br \/>\n<span style=\"color: #808080;\"> Fleischerei Paul<\/span><br \/>\n<span style=\"color: #808080;\"> Fliesen-Natursteinverlegung A. Kn\u00f6fler<\/span><br \/>\n<span style=\"color: #808080;\"> Friseursalon Bellissimo, Fr. Lindholm<\/span><br \/>\n<span style=\"color: #808080;\"> Getr\u00e4nkehandel Brunke, Hr. M\u00fccke<\/span><br \/>\n<span style=\"color: #808080;\"> Gieseke Naturstein<\/span><br \/>\n<span style=\"color: #808080;\"> Gl\u00fcck Auf Apotheke Lengede<\/span><br \/>\n<span style=\"color: #808080;\"> Grobe KfZ<\/span><br \/>\n<span style=\"color: #808080;\"> G\u00fcternahverk.-Baggerbtr.-Baust. Wenzel<\/span><br \/>\n<span style=\"color: #808080;\"> H. Ludewig GmbH<\/span><br \/>\n<span style=\"color: #808080;\"> Hape Montage-Service\u00a0 H.P. Bolm<\/span><br \/>\n<span style=\"color: #808080;\"> Heizung Sanit\u00e4r Klimatechnik M. Kn\u00f6fler<\/span><br \/>\n<span style=\"color: #808080;\"> Heizung-Sanit\u00e4r Logistik\u00a0 Henrike Scholz<\/span><br \/>\n<span style=\"color: #808080;\"> Heuer BTT GmbH<\/span><br \/>\n<span style=\"color: #808080;\"> Ingenieurb\u00fcro R\u00e4ke GmbH\u00a0 A. R\u00e4ke<\/span><br \/>\n<span style=\"color: #808080;\"> KfZ Meisterbetrieb Jan Oppermann<\/span><br \/>\n<span style=\"color: #808080;\"> Logior\u00a0 S.C. e. K.\u00a0\u00a0\u00a0 S. Schadhauser<\/span><br \/>\n<span style=\"color: #808080;\"> LVG Lengeder Verw.gesellschaft\u00a0 mbH<\/span><br \/>\n<span style=\"color: #808080;\"> MAG GmbH\u00a0\u00a0\u00a0 N. East<\/span><br \/>\n<span style=\"color: #808080;\"> Mein B\u00e4cker R\u00fchmann GmbH<\/span><br \/>\n<span style=\"color: #808080;\"> Metallbau u. Schmiede T. Rudolf<\/span><br \/>\n<span style=\"color: #808080;\"> Metallbau Segler<\/span><br \/>\n<span style=\"color: #808080;\"> Montag Gummierungstechnik\u00a0 GmbH<\/span><br \/>\n<span style=\"color: #808080;\"> Optik Lauritzen<\/span><br \/>\n<span style=\"color: #808080;\"> \u00d6ffentliche Versicherung\u00a0 F. Herbst<\/span><br \/>\n<span style=\"color: #808080;\"> Partyservice Wilke\u00a0 Fr. Bonte<\/span><br \/>\n<span style=\"color: #808080;\"> Physiotherapie Krankengymn. Scholz<\/span><br \/>\n<span style=\"color: #808080;\"> Post Apotheke Lengede<\/span><br \/>\n<span style=\"color: #808080;\"> RDK Industrieservice R.D. Keil<\/span><br \/>\n<span style=\"color: #808080;\"> Reiseb\u00fcro Behrens Fr. Eickmann<\/span><br \/>\n<span style=\"color: #808080;\"> REWE Handelsgesellsch.\u00a0 Jonuscheit<\/span><br \/>\n<span style=\"color: #808080;\"> Salon Hildegard\u00a0\u00a0\u00a0 Fr. Cannarozzo<\/span><br \/>\n<span style=\"color: #808080;\"> Schlachtermeister Siedentopf\u00a0 \/ S\u00f6hlde<\/span><br \/>\n<span style=\"color: #808080;\"> Siedlergemeinschaft Lengede<\/span><br \/>\n<span style=\"color: #808080;\"> Steuerb\u00fcro Harms<\/span><br \/>\n<span style=\"color: #808080;\"> Stoeplan Bauplanung St\u00f6\u00dfel<\/span><br \/>\n<span style=\"color: #808080;\"> Taxi und Mietwagen Himstedt<\/span><br \/>\n<span style=\"color: #808080;\"> Tischlerei Team Neumann<\/span><br \/>\n<span style=\"color: #808080;\"> Ute\u00b4s L\u00e4dchen\u00a0 Lengede\u00a0 U.Vanselow<\/span><br \/>\n<span style=\"color: #808080;\"> VGH Versicherungen Sonntag<\/span><br \/>\n<span style=\"color: #808080;\"> Volksbank Peine eG Lengede<\/span><br \/>\n<span style=\"color: #808080;\"> W. Schubert GmbH<\/span><br \/>\n<span style=\"color: #808080;\"> Zahnarztpraxis Boldt<\/span><br \/>\n<span style=\"color: #808080;\"> Zahnarztpraxis Pape\/Thurau<\/span><br \/>\n<span style=\"color: #808080;\"> Zahnarztpraxis Witzke<\/span><br \/>\n<span style=\"color: #808080;\"> Zahntechnisches Labor Wilke<\/span><br \/>\n<span style=\"color: #808080;\"> Zauers Metallbau<\/span><br \/>\n<span style=\"color: #808080;\"> Zimmerei Michael Reese<\/span><\/p>\n<hr \/>\n<p><span style=\"color: #808080;\">Die Lengeder M\u00e4nnerfastnacht bedankt sich bei diesen Firmen f\u00fcr die Werbeanzeige im Flyer zum 01.03.2014<\/span><\/p>\n<p><span style=\"color: #808080;\">Aral Tankstelle Wiesberger<\/span><br \/>\n<span style=\"color: #808080;\"> Begau GmbH, Zimmerei<\/span><br \/>\n<span style=\"color: #808080;\"> Bierverlag Sagasser GmbH, Gr. Lafferde<\/span><br \/>\n<span style=\"color: #808080;\"> Blumengesch\u00e4ft Dornr\u00f6schen<\/span><br \/>\n<span style=\"color: #808080;\"> Bollmanns Brennstoffe<\/span><br \/>\n<span style=\"color: #808080;\"> Brand\u00b4s Wohnwelt<\/span><br \/>\n<span style=\"color: #808080;\"> Car Elektik Hentig<\/span><br \/>\n<span style=\"color: #808080;\"> Dachdeckerei Meier<\/span><br \/>\n<span style=\"color: #808080;\"> Debra Werbung GmbH, Herr Bratz<\/span><br \/>\n<span style=\"color: #808080;\"> Erdgas-Wasser-Heizung O. Kucklick<\/span><br \/>\n<span style=\"color: #808080;\"> Everling Haustechnik T. Everling<\/span><br \/>\n<span style=\"color: #808080;\"> Fleischerei Paul<\/span><br \/>\n<span style=\"color: #808080;\"> Fliesen-Naursteinverlegung A. Kn\u00f6fler<\/span><br \/>\n<span style=\"color: #808080;\"> Getr\u00e4nkehandel Brunke<\/span><br \/>\n<span style=\"color: #808080;\"> Gieseke Naturstein<\/span><br \/>\n<span style=\"color: #808080;\"> Gl\u00fcck Auf Apotheke Lengede<\/span><br \/>\n<span style=\"color: #808080;\"> Grobe KfZ<\/span><br \/>\n<span style=\"color: #808080;\"> G\u00fcternahverk.-Baggerbtr.-Baust. Wenzel<\/span><br \/>\n<span style=\"color: #808080;\"> Hape Montage-Service H.P. Bolm<\/span><br \/>\n<span style=\"color: #808080;\"> H\u00e4rke Brauerei Peine<\/span><br \/>\n<span style=\"color: #808080;\"> Heizung Sanit\u00e4r Klimatechnik M. Kn\u00f6fler<\/span><br \/>\n<span style=\"color: #808080;\"> Heuer Beton Technik BTT<\/span><br \/>\n<span style=\"color: #808080;\"> Ingenieurb\u00fcro R\u00e4ke GmbH A. R\u00e4ke<\/span><br \/>\n<span style=\"color: #808080;\"> KfZ Meisterbetrieb Jan Oppermann<\/span><br \/>\n<span style=\"color: #808080;\"> Lotto Hirsch<\/span><br \/>\n<span style=\"color: #808080;\"> LBV Lengeder Besitz &amp; Verwalt. GmbH<\/span><br \/>\n<span style=\"color: #808080;\"> Logior S. Schadhauser<\/span><br \/>\n<span style=\"color: #808080;\"> Ludewig Lebensmittelgro\u00dfhandel<\/span><br \/>\n<span style=\"color: #808080;\"> Malermeister Karl-Friedrich Scheinh\u00fctte<\/span><br \/>\n<span style=\"color: #808080;\"> Mein B\u00e4cker R\u00fchmann GmbH<\/span><br \/>\n<span style=\"color: #808080;\"> Metallbau u. Schmiede T. Rudolf<\/span><br \/>\n<span style=\"color: #808080;\"> Metallbau Segler<\/span><br \/>\n<span style=\"color: #808080;\"> Micro Accessoires Germany<\/span><br \/>\n<span style=\"color: #808080;\"> Montag Gummierungstechnik<\/span><br \/>\n<span style=\"color: #808080;\"> Optik Lauritzen<\/span><br \/>\n<span style=\"color: #808080;\"> Party Service Lange<\/span><br \/>\n<span style=\"color: #808080;\"> Physio Anke Friedrich<\/span><br \/>\n<span style=\"color: #808080;\"> Postapotheke Lengede<\/span><br \/>\n<span style=\"color: #808080;\"> Praxis f. Physio- Ergotherapie Dinkler<\/span><br \/>\n<span style=\"color: #808080;\"> RDK Industrieservice R.D. Keil<\/span><br \/>\n<span style=\"color: #808080;\"> Reiseb\u00fcro Behrens Fr. Eickmann<\/span><br \/>\n<span style=\"color: #808080;\"> Restaurant Grube Frank Timpe<\/span><br \/>\n<span style=\"color: #808080;\"> REWE Handelsgesellsch. Jonuscheit<\/span><br \/>\n<span style=\"color: #808080;\"> Salon Hildegard<\/span><br \/>\n<span style=\"color: #808080;\"> Schlachtermeister Siedentopf \/ S\u00f6hlde<\/span><br \/>\n<span style=\"color: #808080;\"> Scholz Eisenhandel<\/span><br \/>\n<span style=\"color: #808080;\"> Scholz Physiotherapie<\/span><br \/>\n<span style=\"color: #808080;\"> Schubert Fernsehen<\/span><br \/>\n<span style=\"color: #808080;\"> Siedlergemeinschaft Lengede<\/span><br \/>\n<span style=\"color: #808080;\"> Steinmann GmbH<\/span><br \/>\n<span style=\"color: #808080;\"> Steuerb\u00fcro Harms<\/span><br \/>\n<span style=\"color: #808080;\"> Tischlerei L\u00f6per<\/span><br \/>\n<span style=\"color: #808080;\"> Tischlerei Team Neumann<\/span><br \/>\n<span style=\"color: #808080;\"> Ute\u00b4s L\u00e4dchen Woltwiesche U.Vanselow<\/span><br \/>\n<span style=\"color: #808080;\"> Volksbank Peine Hr. Hakelberg<\/span><br \/>\n<span style=\"color: #808080;\"> Wilke Partyservice Fr. Bonte<\/span><br \/>\n<span style=\"color: #808080;\"> Zahnarztpraxis Boldt<\/span><br \/>\n<span style=\"color: #808080;\"> Zahnarztpraxis Pape\/Thurau<\/span><br \/>\n<span style=\"color: #808080;\"> Zahnarztpraxis Witzke<\/span><\/p>\n","protected":false},"excerpt":{"rendered":"<p>Der Elferrat bedankt sich bei den unten genannten Firmen f\u00fcr die Werbeanzeige im Flyer zur M\u00e4nnerfastnacht am 22. Februar 2020. Aral-Tankstelle Wiesberger Bestattungsinstitut Melanie Salge Bierverlag Sagasser GmbH, Gr. Lafferde Blitz Schneiderei Blumengesch\u00e4ft L\u00fcddecke Bollmann Brennstoffe GmbH Brandt\u00b4s Wohnwelt Car Elektrik Hentig Dachdeckerei &amp; Zimmerei Meier Debra Werbung GmbH, Herr Bratz Dornr\u00f6schen Blumenladen Erdgas-Wasser-Heizung O. &hellip; <a href=\"http:\/\/maennerfastnacht-lengede.de\/?page_id=60\" class=\"more-link\"><span class=\"screen-reader-text\">Danke!<\/span> weiterlesen <span class=\"meta-nav\">&rarr;<\/span><\/a><\/p>\n","protected":false},"author":1,"featured_media":0,"parent":0,"menu_order":80,"comment_status":"closed","ping_status":"closed","template":"","meta":{"footnotes":""},"class_list":["post-60","page","type-page","status-publish","hentry"],"_links":{"self":[{"href":"http:\/\/maennerfastnacht-lengede.de\/index.php?rest_route=\/wp\/v2\/pages\/60","targetHints":{"allow":["GET"]}}],"collection":[{"href":"http:\/\/maennerfastnacht-lengede.de\/index.php?rest_route=\/wp\/v2\/pages"}],"about":[{"href":"http:\/\/maennerfastnacht-lengede.de\/index.php?rest_route=\/wp\/v2\/types\/page"}],"author":[{"embeddable":true,"href":"http:\/\/maennerfastnacht-lengede.de\/index.php?rest_route=\/wp\/v2\/users\/1"}],"replies":[{"embeddable":true,"href":"http:\/\/maennerfastnacht-lengede.de\/index.php?rest_route=%2Fwp%2Fv2%2Fcomments&post=60"}],"version-history":[{"count":7,"href":"http:\/\/maennerfastnacht-lengede.de\/index.php?rest_route=\/wp\/v2\/pages\/60\/revisions"}],"predecessor-version":[{"id":366,"href":"http:\/\/maennerfastnacht-lengede.de\/index.php?rest_route=\/wp\/v2\/pages\/60\/revisions\/366"}],"wp:attachment":[{"href":"http:\/\/maennerfastnacht-lengede.de\/index.php?rest_route=%2Fwp%2Fv2%2Fmedia&parent=60"}],"curies":[{"name":"wp","href":"https:\/\/api.w.org\/{rel}","templated":true}]}}