{"id":344,"date":"2020-01-19T08:05:43","date_gmt":"2020-01-19T08:05:43","guid":{"rendered":"http:\/\/sv-lengede.de\/maenner\/?page_id=344"},"modified":"2020-10-14T13:27:06","modified_gmt":"2020-10-14T13:27:06","slug":"2020-2","status":"publish","type":"page","link":"http:\/\/maennerfastnacht-lengede.de\/?page_id=344","title":{"rendered":"2020"},"content":{"rendered":"\n<p><a href=\"http:\/\/maennerfastnacht-lengede.de\/?p=390\">Gl\u00fcck Auf berichtet am 27.03.2020<\/a><\/p>\n\n\n\n<p><a href=\"http:\/\/maennerfastnacht-lengede.de\/?p=381\">95 Bilder zur M\u00e4nnerfastnacht 2020<\/a><\/p>\n\n\n\n<p style=\"text-align:left\"> *** *** *** *** *** *** *** *** *** ***<br><\/p>\n\n\n\n<p>Hiermit laden wir herzlich ein zur<\/p>\n\n\n\n<p class=\"has-text-color has-luminous-vivid-orange-color\"><strong>Lengeder M\u00e4nnerfastnacht 2020<br>am Sonnabend, 22. Februar,<\/strong><\/p>\n\n\n\n<p>auf dem Saal des Landhotels am Woltwiescher Weg.<br>Der Eintritt ist frei \u2013 eine Umlage wird erhoben<\/p>\n\n\n\n<p>Die Veranstaltung beginnt um 17:00 Uhr.<br>Die \u201eRitter der Gem\u00fctlichkeit\u201c k\u00f6nnen bereits um 16:30 Uhr<br>auf den Saal kommen, die weiteren Fastnachtsfreunde um 16:40 Uhr.<\/p>\n\n\n\n<p>Alle Lengeder M\u00e4nner k\u00f6nnen sich auf ein abwechslungsreiches Programm freuen.<\/p>\n\n\n\n<p><a href=\"http:\/\/maennerfastnacht-lengede.de\/?p=357\">Hier geht es zu Plakat und Flyer.<\/a><\/p>\n\n\n\n<p><a href=\"http:\/\/maennerfastnacht-lengede.de\/?p=375\">Hallo Salzgitter k\u00fcndigt an<\/a><\/p>\n\n\n\n<p>Mann g\u00f6nnt sich ja sonst nichts!<\/p>\n\n\n\n<p>Euer Elferrat<\/p>\n","protected":false},"excerpt":{"rendered":"<p>Gl\u00fcck Auf berichtet am 27.03.2020 95 Bilder zur M\u00e4nnerfastnacht 2020 *** *** *** *** *** *** *** *** *** *** Hiermit laden wir herzlich ein zur Lengeder M\u00e4nnerfastnacht 2020am Sonnabend, 22. Februar, auf dem Saal des Landhotels am Woltwiescher Weg.Der Eintritt ist frei \u2013 eine Umlage wird erhoben Die Veranstaltung beginnt um 17:00 Uhr.Die \u201eRitter &hellip; <a href=\"http:\/\/maennerfastnacht-lengede.de\/?page_id=344\" class=\"more-link\"><span class=\"screen-reader-text\">2020<\/span> weiterlesen <span class=\"meta-nav\">&rarr;<\/span><\/a><\/p>\n","protected":false},"author":1,"featured_media":0,"parent":0,"menu_order":0,"comment_status":"closed","ping_status":"closed","template":"","meta":{"footnotes":""},"class_list":["post-344","page","type-page","status-publish","hentry"],"_links":{"self":[{"href":"http:\/\/maennerfastnacht-lengede.de\/index.php?rest_route=\/wp\/v2\/pages\/344","targetHints":{"allow":["GET"]}}],"collection":[{"href":"http:\/\/maennerfastnacht-lengede.de\/index.php?rest_route=\/wp\/v2\/pages"}],"about":[{"href":"http:\/\/maennerfastnacht-lengede.de\/index.php?rest_route=\/wp\/v2\/types\/page"}],"author":[{"embeddable":true,"href":"http:\/\/maennerfastnacht-lengede.de\/index.php?rest_route=\/wp\/v2\/users\/1"}],"replies":[{"embeddable":true,"href":"http:\/\/maennerfastnacht-lengede.de\/index.php?rest_route=%2Fwp%2Fv2%2Fcomments&post=344"}],"version-history":[{"count":11,"href":"http:\/\/maennerfastnacht-lengede.de\/index.php?rest_route=\/wp\/v2\/pages\/344\/revisions"}],"predecessor-version":[{"id":401,"href":"http:\/\/maennerfastnacht-lengede.de\/index.php?rest_route=\/wp\/v2\/pages\/344\/revisions\/401"}],"wp:attachment":[{"href":"http:\/\/maennerfastnacht-lengede.de\/index.php?rest_route=%2Fwp%2Fv2%2Fmedia&parent=344"}],"curies":[{"name":"wp","href":"https:\/\/api.w.org\/{rel}","templated":true}]}}