{"id":297,"date":"2018-06-03T04:58:52","date_gmt":"2018-06-03T04:58:52","guid":{"rendered":"http:\/\/sv-lengede.de\/maenner\/?page_id=297"},"modified":"2020-10-14T16:34:36","modified_gmt":"2020-10-14T16:34:36","slug":"2019-2","status":"publish","type":"page","link":"http:\/\/maennerfastnacht-lengede.de\/?page_id=297","title":{"rendered":"2019"},"content":{"rendered":"<p style=\"text-align: center;\"><a href=\"http:\/\/maennerfastnacht-lengede.de\/?p=327\">112 Bilder der M\u00e4nnerfastnacht 2019<\/a><\/p>\n<p style=\"text-align: center;\"><a href=\"http:\/\/maennerfastnacht-lengede.de\/?p=319\">Plakat und Flyer zur M\u00e4nnerfastnacht 2019<\/a><\/p>\n<p style=\"text-align: center;\">********** &nbsp; ********** &nbsp;&nbsp;********** &nbsp;&nbsp;********** &nbsp;&nbsp;**********&nbsp; &nbsp; &nbsp;&nbsp;**********<\/p>\n<p style=\"text-align: center;\"><span style=\"color: #0000ff;\"><strong>Hiermit laden wir herzlich ein zur<\/strong><\/span><\/p>\n<h5 style=\"text-align: center;\"><span style=\"color: #ff0000;\"><strong>Lengeder M\u00e4nnerfastnacht&nbsp;2019<\/strong><\/span><\/h5>\n<p style=\"text-align: center;\">am <strong><span style=\"color: #00ff00;\">Sonnabend, 02. M\u00e4rz<\/span>,<\/strong><br \/>\nauf dem Saal des B\u00fcrgerhauses am Woltwiescher Weg.<br \/>\nDer Eintritt ist frei \u2013 eine Umlage wird erhoben<\/p>\n<p style=\"text-align: center;\">Die Veranstaltung beginnt um 17:00 Uhr.<br \/>\nDie \u201eRitter der Gem\u00fctlichkeit\u201c k\u00f6nnen bereits um 16:30 Uhr<br \/>\nauf den Saal kommen, die weiteren Fastnachtsfreunde um 16:40 Uhr.<\/p>\n<p style=\"text-align: center;\">Alle Lengeder M\u00e4nner k\u00f6nnen sich auf ein abwechslungsreiches Programm freuen.<\/p>\n<p style=\"text-align: center;\"><span style=\"color: #0000ff;\">Mann g\u00f6nnt sich ja sonst nichts!<\/span><\/p>\n<p style=\"text-align: center;\"><strong><span style=\"color: #0000ff;\">Euer Elferrat<\/span><\/strong><\/p>\n<p style=\"text-align: center;\">********** &nbsp; ********** &nbsp;&nbsp;********** &nbsp;&nbsp;********** &nbsp;&nbsp;**********&nbsp; &nbsp; &nbsp;&nbsp;**********<\/p>\n<p style=\"text-align: center;\"><a href=\"http:\/\/maennerfastnacht-lengede.de\/?p=283\">Bericht und Fotos zum geselligen Spargelessen des Vereins am 26.05.2018<\/a><\/p>\n","protected":false},"excerpt":{"rendered":"<p>112 Bilder der M\u00e4nnerfastnacht 2019 Plakat und Flyer zur M\u00e4nnerfastnacht 2019 ********** &nbsp; ********** &nbsp;&nbsp;********** &nbsp;&nbsp;********** &nbsp;&nbsp;**********&nbsp; &nbsp; &nbsp;&nbsp;********** Hiermit laden wir herzlich ein zur Lengeder M\u00e4nnerfastnacht&nbsp;2019 am Sonnabend, 02. M\u00e4rz, auf dem Saal des B\u00fcrgerhauses am Woltwiescher Weg. Der Eintritt ist frei \u2013 eine Umlage wird erhoben Die Veranstaltung beginnt um 17:00 Uhr. Die &hellip; <a href=\"http:\/\/maennerfastnacht-lengede.de\/?page_id=297\" class=\"more-link\"><span class=\"screen-reader-text\">2019<\/span> weiterlesen <span class=\"meta-nav\">&rarr;<\/span><\/a><\/p>\n","protected":false},"author":1,"featured_media":0,"parent":0,"menu_order":0,"comment_status":"closed","ping_status":"closed","template":"","meta":{"footnotes":""},"class_list":["post-297","page","type-page","status-publish","hentry"],"_links":{"self":[{"href":"http:\/\/maennerfastnacht-lengede.de\/index.php?rest_route=\/wp\/v2\/pages\/297","targetHints":{"allow":["GET"]}}],"collection":[{"href":"http:\/\/maennerfastnacht-lengede.de\/index.php?rest_route=\/wp\/v2\/pages"}],"about":[{"href":"http:\/\/maennerfastnacht-lengede.de\/index.php?rest_route=\/wp\/v2\/types\/page"}],"author":[{"embeddable":true,"href":"http:\/\/maennerfastnacht-lengede.de\/index.php?rest_route=\/wp\/v2\/users\/1"}],"replies":[{"embeddable":true,"href":"http:\/\/maennerfastnacht-lengede.de\/index.php?rest_route=%2Fwp%2Fv2%2Fcomments&post=297"}],"version-history":[{"count":6,"href":"http:\/\/maennerfastnacht-lengede.de\/index.php?rest_route=\/wp\/v2\/pages\/297\/revisions"}],"predecessor-version":[{"id":406,"href":"http:\/\/maennerfastnacht-lengede.de\/index.php?rest_route=\/wp\/v2\/pages\/297\/revisions\/406"}],"wp:attachment":[{"href":"http:\/\/maennerfastnacht-lengede.de\/index.php?rest_route=%2Fwp%2Fv2%2Fmedia&parent=297"}],"curies":[{"name":"wp","href":"https:\/\/api.w.org\/{rel}","templated":true}]}}