{"id":233,"date":"2017-02-27T07:06:50","date_gmt":"2017-02-27T07:06:50","guid":{"rendered":"http:\/\/sv-lengede.de\/maenner\/?page_id=233"},"modified":"2022-02-02T07:23:46","modified_gmt":"2022-02-02T07:23:46","slug":"2017-2","status":"publish","type":"page","link":"http:\/\/maennerfastnacht-lengede.de\/?page_id=233","title":{"rendered":"2017"},"content":{"rendered":"<p style=\"text-align: center;\"><a href=\"http:\/\/maennerfastnacht-lengede.de\/?p=255\">126 Bilder der M\u00e4nnerfastnacht 2017<\/a><\/p>\n<p style=\"text-align: center;\"><a href=\"http:\/\/maennerfastnacht-lengede.de\/?p=245\">Peiner Allgemeine Zeitung berichtet am 27.02.17 \u00fcber die M\u00e4nnerfastnacht 2017<\/a><\/p>\n<p style=\"text-align: center;\"><a href=\"http:\/\/maennerfastnacht-lengede.de\/?p=247\">Peiner Nachrichten berichten am 27.02.17 \u00fcber die M\u00e4nnerfastnacht 2017<\/a><\/p>\n<p style=\"text-align: center;\"><a href=\"http:\/\/maennerfastnacht-lengede.de\/?p=235\">Hallo SZ k\u00fcndigt am 18.02.17 M\u00e4nnerfastnacht 2017 an<\/a><\/p>\n<p style=\"text-align: center;\">********** \u00a0 ********** \u00a0\u00a0********** \u00a0\u00a0********** \u00a0\u00a0**********\u00a0 \u00a0 \u00a0\u00a0**********<\/p>\n<p style=\"text-align: center;\"><strong>Hiermit laden wir herzlich ein zur<\/strong><\/p>\n<h5 style=\"text-align: center;\"><span style=\"color: #ff6600;\"><strong>Lengeder M\u00e4nnerfastnacht\u00a02017<\/strong><\/span><\/h5>\n<p style=\"text-align: center;\">am <strong>Sonnabend, 25. Februar,<\/strong><br \/>\nauf dem Saal der Gastwirtschaft Staats.<br \/>\nDer Eintritt ist frei \u2013 eine Umlage wird erhoben<\/p>\n<p style=\"text-align: center;\">Die Veranstaltung beginnt um 17:00 Uhr.<br \/>\nDie \u201eRitter der Gem\u00fctlichkeit\u201c k\u00f6nnen bereits um 16:30 Uhr<br \/>\nauf den Saal kommen, die weiteren Fastnachtsfreunde um 16:40 Uhr.<\/p>\n<p style=\"text-align: center;\">Alle Lengeder M\u00e4nner k\u00f6nnen sich auf ein abwechslungsreiches Programm freuen.<\/p>\n<p style=\"text-align: center;\">Mann g\u00f6nnt sich ja sonst nichts!<\/p>\n<p style=\"text-align: center;\">Euer Elferrat<\/p>\n","protected":false},"excerpt":{"rendered":"<p>126 Bilder der M\u00e4nnerfastnacht 2017 Peiner Allgemeine Zeitung berichtet am 27.02.17 \u00fcber die M\u00e4nnerfastnacht 2017 Peiner Nachrichten berichten am 27.02.17 \u00fcber die M\u00e4nnerfastnacht 2017 Hallo SZ k\u00fcndigt am 18.02.17 M\u00e4nnerfastnacht 2017 an ********** \u00a0 ********** \u00a0\u00a0********** \u00a0\u00a0********** \u00a0\u00a0**********\u00a0 \u00a0 \u00a0\u00a0********** Hiermit laden wir herzlich ein zur Lengeder M\u00e4nnerfastnacht\u00a02017 am Sonnabend, 25. Februar, auf dem Saal &hellip; <a href=\"http:\/\/maennerfastnacht-lengede.de\/?page_id=233\" class=\"more-link\"><span class=\"screen-reader-text\">2017<\/span> weiterlesen <span class=\"meta-nav\">&rarr;<\/span><\/a><\/p>\n","protected":false},"author":1,"featured_media":0,"parent":0,"menu_order":0,"comment_status":"closed","ping_status":"closed","template":"","meta":{"footnotes":""},"class_list":["post-233","page","type-page","status-publish","hentry"],"_links":{"self":[{"href":"http:\/\/maennerfastnacht-lengede.de\/index.php?rest_route=\/wp\/v2\/pages\/233","targetHints":{"allow":["GET"]}}],"collection":[{"href":"http:\/\/maennerfastnacht-lengede.de\/index.php?rest_route=\/wp\/v2\/pages"}],"about":[{"href":"http:\/\/maennerfastnacht-lengede.de\/index.php?rest_route=\/wp\/v2\/types\/page"}],"author":[{"embeddable":true,"href":"http:\/\/maennerfastnacht-lengede.de\/index.php?rest_route=\/wp\/v2\/users\/1"}],"replies":[{"embeddable":true,"href":"http:\/\/maennerfastnacht-lengede.de\/index.php?rest_route=%2Fwp%2Fv2%2Fcomments&post=233"}],"version-history":[{"count":10,"href":"http:\/\/maennerfastnacht-lengede.de\/index.php?rest_route=\/wp\/v2\/pages\/233\/revisions"}],"predecessor-version":[{"id":518,"href":"http:\/\/maennerfastnacht-lengede.de\/index.php?rest_route=\/wp\/v2\/pages\/233\/revisions\/518"}],"wp:attachment":[{"href":"http:\/\/maennerfastnacht-lengede.de\/index.php?rest_route=%2Fwp%2Fv2%2Fmedia&parent=233"}],"curies":[{"name":"wp","href":"https:\/\/api.w.org\/{rel}","templated":true}]}}