{"id":2,"date":"2015-01-05T16:38:32","date_gmt":"2015-01-05T16:38:32","guid":{"rendered":"http:\/\/sv-lengede.de\/maenner\/?page_id=2"},"modified":"2020-10-14T16:44:24","modified_gmt":"2020-10-14T16:44:24","slug":"beispiel-seite","status":"publish","type":"page","link":"http:\/\/maennerfastnacht-lengede.de\/?page_id=2","title":{"rendered":"2015"},"content":{"rendered":"<p style=\"text-align: center;\"><a title=\"161 Bilder der M\u00e4nnerfastnacht 2015\" href=\"http:\/\/maennerfastnacht-lengede.de\/?p=110\">161 Bilder der M\u00e4nnerfastnacht 2015<\/a><\/p>\n<p style=\"text-align: center;\"><a title=\"Die Peiner Nachrichten berichten am 16.02.15 \u00fcber die M\u00e4nnerfastnacht\" href=\"http:\/\/maennerfastnacht-lengede.de\/?p=101\">Die Peiner Nachrichten berichten am 16.02.15 \u00fcber die M\u00e4nnerfastnacht<\/a><\/p>\n<p style=\"text-align: center;\"><a href=\"http:\/\/maennerfastnacht-lengede.de\/wp-content\/uploads\/2015\/01\/mfl-plakat-2015.pdf\" target=\"_blank\" rel=\"noopener noreferrer\"><span style=\"text-decoration: underline;\"><span style=\"color: #0066cc;\">Das Plakat<\/span><\/span><\/a>&nbsp;&nbsp;&nbsp;&nbsp; <a href=\"http:\/\/maennerfastnacht-lengede.de\/wp-content\/uploads\/2015\/01\/mfl-flyer-2015.pdf\" target=\"_blank\" rel=\"noopener noreferrer\"><span style=\"text-decoration: underline;\"><span style=\"color: #0066cc;\">Der Flyer<\/span><\/span><\/a><\/p>\n<p style=\"text-align: center;\"><a title=\"Die Presse schreibt\" href=\"http:\/\/maennerfastnacht-lengede.de\/?p=32\"><span class=\"item-title\"><span style=\"text-decoration: underline;\"><span style=\"color: #0066cc;\">Die&nbsp;Peiner Nachrichten&nbsp;schreiben am 18.11.2014&nbsp;\u00fcber den Elferrat&nbsp;&nbsp;<\/span><\/span><\/span><\/a><\/p>\n<p style=\"text-align: center;\"><a title=\"Gl\u00fcck Auf Lengede schreibt am 30.01.2015 \u00fcber die M\u00e4nnerfastnacht\" href=\"http:\/\/maennerfastnacht-lengede.de\/?p=96\"><span style=\"text-decoration: underline;\"><span style=\"color: #0066cc;\">Gl\u00fcck Auf Lengede schreibt am 30.01.2015 \u00fcber die bevorstehende M\u00e4nnerfastnacht<\/span><\/span><\/a><\/p>\n<p style=\"text-align: center;\"><span style=\"color: #000000;\"><strong><img loading=\"lazy\" decoding=\"async\" class=\"aligncenter wp-image-78\" src=\"http:\/\/maennerfastnacht-lengede.de\/wp-content\/uploads\/2015\/01\/mfl-logo-224x300.jpg\" alt=\"Logo der M\u00e4nnerfastnacht Lengede\" width=\"100\" height=\"134\" srcset=\"http:\/\/maennerfastnacht-lengede.de\/wp-content\/uploads\/2015\/01\/mfl-logo-224x300.jpg 224w, http:\/\/maennerfastnacht-lengede.de\/wp-content\/uploads\/2015\/01\/mfl-logo.jpg 470w\" sizes=\"auto, (max-width: 100px) 100vw, 100px\" \/>Hiermit laden wir herzlich ein zur<\/strong><\/span><\/p>\n<h5 style=\"text-align: center;\"><span style=\"color: #ff0000;\"><strong>Lengeder M\u00e4nnerfastnacht&nbsp;2015<\/strong><\/span><\/h5>\n<p style=\"text-align: center;\">am <span style=\"color: #ff0000;\"><strong>Sonnabend, 14. Februar<\/strong><\/span><br \/>\nauf dem Saal der Gastwirtschaft Staats.<br \/>\nDer Eintritt ist frei &#8211; eine Umlage wird erhoben<\/p>\n<p style=\"text-align: center;\">Die Veranstaltung beginnt um 17:00 Uhr.<br \/>\nDie \u201eRitter der Gem\u00fctlichkeit\u201c k\u00f6nnen bereits um 16:30 Uhr<br \/>\nauf den Saal kommen, die weiteren Fastnachtsfreunde um 16:40 Uhr.<\/p>\n<p style=\"text-align: center;\">Alle Lengeder M\u00e4nner k\u00f6nnen sich auf ein abwechslungsreiches Programm freuen.<\/p>\n<p style=\"text-align: center;\"><span style=\"color: #000000;\">Mann g\u00f6nnt sich ja sonst nichts!<\/span><\/p>\n<p style=\"text-align: center;\"><span style=\"color: #000000;\">Euer Elferrat<\/span><\/p>\n","protected":false},"excerpt":{"rendered":"<p>161 Bilder der M\u00e4nnerfastnacht 2015 Die Peiner Nachrichten berichten am 16.02.15 \u00fcber die M\u00e4nnerfastnacht Das Plakat&nbsp;&nbsp;&nbsp;&nbsp; Der Flyer Die&nbsp;Peiner Nachrichten&nbsp;schreiben am 18.11.2014&nbsp;\u00fcber den Elferrat&nbsp;&nbsp; Gl\u00fcck Auf Lengede schreibt am 30.01.2015 \u00fcber die bevorstehende M\u00e4nnerfastnacht Hiermit laden wir herzlich ein zur Lengeder M\u00e4nnerfastnacht&nbsp;2015 am Sonnabend, 14. Februar auf dem Saal der Gastwirtschaft Staats. Der Eintritt ist &hellip; <a href=\"http:\/\/maennerfastnacht-lengede.de\/?page_id=2\" class=\"more-link\"><span class=\"screen-reader-text\">2015<\/span> weiterlesen <span class=\"meta-nav\">&rarr;<\/span><\/a><\/p>\n","protected":false},"author":1,"featured_media":0,"parent":0,"menu_order":0,"comment_status":"open","ping_status":"open","template":"","meta":{"footnotes":""},"class_list":["post-2","page","type-page","status-publish","hentry"],"_links":{"self":[{"href":"http:\/\/maennerfastnacht-lengede.de\/index.php?rest_route=\/wp\/v2\/pages\/2","targetHints":{"allow":["GET"]}}],"collection":[{"href":"http:\/\/maennerfastnacht-lengede.de\/index.php?rest_route=\/wp\/v2\/pages"}],"about":[{"href":"http:\/\/maennerfastnacht-lengede.de\/index.php?rest_route=\/wp\/v2\/types\/page"}],"author":[{"embeddable":true,"href":"http:\/\/maennerfastnacht-lengede.de\/index.php?rest_route=\/wp\/v2\/users\/1"}],"replies":[{"embeddable":true,"href":"http:\/\/maennerfastnacht-lengede.de\/index.php?rest_route=%2Fwp%2Fv2%2Fcomments&post=2"}],"version-history":[{"count":31,"href":"http:\/\/maennerfastnacht-lengede.de\/index.php?rest_route=\/wp\/v2\/pages\/2\/revisions"}],"predecessor-version":[{"id":417,"href":"http:\/\/maennerfastnacht-lengede.de\/index.php?rest_route=\/wp\/v2\/pages\/2\/revisions\/417"}],"wp:attachment":[{"href":"http:\/\/maennerfastnacht-lengede.de\/index.php?rest_route=%2Fwp%2Fv2%2Fmedia&parent=2"}],"curies":[{"name":"wp","href":"https:\/\/api.w.org\/{rel}","templated":true}]}}